{"id":16471,"date":"2025-02-19T20:39:15","date_gmt":"2025-02-19T17:39:15","guid":{"rendered":"https:\/\/theglobalcap.com\/en\/?page_id=16471"},"modified":"2025-03-11T17:02:39","modified_gmt":"2025-03-11T14:02:39","slug":"apply-now","status":"publish","type":"page","link":"https:\/\/theglobalcap.com\/en\/apply-now\/","title":{"rendered":"Apply Now"},"content":{"rendered":"\t\t<div data-elementor-type=\"wp-page\" data-elementor-id=\"16471\" class=\"elementor elementor-16471\" data-elementor-post-type=\"page\">\n\t\t\t\t\t\t\t<div class=\"wd-negative-gap elementor-element elementor-element-74c5fd7 e-flex e-con-boxed wd-section-disabled e-con e-parent\" data-id=\"74c5fd7\" data-element_type=\"container\" data-settings=\"{&quot;content_width&quot;:&quot;boxed&quot;}\" data-core-v316-plus=\"true\">\n\t\t\t\t\t<div class=\"e-con-inner\">\n\t\t<div class=\"elementor-element elementor-element-064a8ca e-con-full e-flex wd-section-disabled e-con e-child\" data-id=\"064a8ca\" data-element_type=\"container\" data-settings=\"{&quot;content_width&quot;:&quot;full&quot;}\">\n\t\t\t\t<\/div>\n\t\t<div class=\"elementor-element elementor-element-d3e5954 e-con-full e-flex wd-section-disabled e-con e-child\" data-id=\"d3e5954\" data-element_type=\"container\" data-settings=\"{&quot;content_width&quot;:&quot;full&quot;}\">\n\t\t\t\t<div class=\"elementor-element elementor-element-535ad3c elementor-widget elementor-widget-wd_contact_form_7\" data-id=\"535ad3c\" data-element_type=\"widget\" data-widget_type=\"wd_contact_form_7.default\">\n\t\t\t\t<div class=\"elementor-widget-container\">\n\t\t\t\n<div class=\"wpcf7 no-js\" id=\"wpcf7-f16484-o1\" lang=\"en-US\" dir=\"ltr\">\n<div class=\"screen-reader-response\"><p role=\"status\" aria-live=\"polite\" aria-atomic=\"true\"><\/p> <ul><\/ul><\/div>\n<form action=\"\/en\/wp-json\/wp\/v2\/pages\/16471#wpcf7-f16484-o1\" method=\"post\" class=\"wpcf7-form init\" aria-label=\"Contact form\" novalidate=\"novalidate\" data-status=\"init\">\n<div style=\"display: none;\">\n<input type=\"hidden\" name=\"_wpcf7\" value=\"16484\" \/>\n<input type=\"hidden\" name=\"_wpcf7_version\" value=\"5.8.6\" \/>\n<input type=\"hidden\" name=\"_wpcf7_locale\" value=\"en_US\" \/>\n<input type=\"hidden\" name=\"_wpcf7_unit_tag\" value=\"wpcf7-f16484-o1\" \/>\n<input type=\"hidden\" name=\"_wpcf7_container_post\" value=\"0\" \/>\n<input type=\"hidden\" name=\"_wpcf7_posted_data_hash\" value=\"\" \/>\n<\/div>\n<div class=\"row\">\n\t<p class=\"col-md-12\"><label>Parent \/ Guardian\u2019s Full Name<\/label><span class=\"wpcf7-form-control-wrap\" data-name=\"text-618\"><input size=\"40\" class=\"wpcf7-form-control wpcf7-text\" aria-invalid=\"false\" value=\"\" type=\"text\" name=\"text-618\" \/><\/span>\n\t<\/p>\n\t<p class=\"col-md-12\"><label>Parent\/Guardians Phone Number<\/label><span class=\"wpcf7-form-control-wrap\" data-name=\"text-619\"><input size=\"40\" class=\"wpcf7-form-control wpcf7-text\" aria-invalid=\"false\" value=\"\" type=\"text\" name=\"text-619\" \/><\/span>\n\t<\/p>\n\t<p class=\"col-md-6\"><label>Student\u2019s First Name<\/label><span class=\"wpcf7-form-control-wrap\" data-name=\"your-name\"><input size=\"40\" class=\"wpcf7-form-control wpcf7-text wpcf7-validates-as-required\" aria-required=\"true\" aria-invalid=\"false\" value=\"\" type=\"text\" name=\"your-name\" \/><\/span>\n\t<\/p>\n\t<p class=\"col-md-6\"><label>Student\u2019s Last Name<\/label><span class=\"wpcf7-form-control-wrap\" data-name=\"text-268\"><input size=\"40\" class=\"wpcf7-form-control wpcf7-text wpcf7-validates-as-required\" aria-required=\"true\" aria-invalid=\"false\" value=\"\" type=\"text\" name=\"text-268\" \/><\/span>\n\t<\/p>\n<\/div>\n<div class=\"row\">\n\t<p class=\"col-md-6\"><label>Student\u2019s Date Of Birth<\/label><span class=\"wpcf7-form-control-wrap\" data-name=\"text-608\"><input size=\"40\" class=\"wpcf7-form-control wpcf7-text wpcf7-validates-as-required\" aria-required=\"true\" aria-invalid=\"false\" value=\"\" type=\"text\" name=\"text-608\" \/><\/span>\n\t<\/p>\n\t<p class=\"col-md-6\"><label>The School The Student Attends<\/label><span class=\"wpcf7-form-control-wrap\" data-name=\"text-609\"><input size=\"40\" class=\"wpcf7-form-control wpcf7-text wpcf7-validates-as-required\" aria-required=\"true\" aria-invalid=\"false\" value=\"\" type=\"text\" name=\"text-609\" \/><\/span>\n\t<\/p>\n<\/div>\n<div class=\"row\">\n\t<p class=\"col-md-6\"><label>Grade\/Class<\/label><span class=\"wpcf7-form-control-wrap\" data-name=\"text-610\"><input size=\"40\" class=\"wpcf7-form-control wpcf7-text wpcf7-validates-as-required\" aria-required=\"true\" aria-invalid=\"false\" value=\"\" type=\"text\" name=\"text-610\" \/><\/span>\n\t<\/p>\n\t<p class=\"col-md-6\"><label>Program of Interest:<\/label><span class=\"wpcf7-form-control-wrap\" data-name=\"text-611\"><input size=\"40\" class=\"wpcf7-form-control wpcf7-text wpcf7-validates-as-required\" aria-required=\"true\" aria-invalid=\"false\" value=\"\" type=\"text\" name=\"text-611\" \/><\/span>\n\t<\/p>\n<\/div>\n<p><strong>If You Are Interested in a Sports Program<\/strong>\n<\/p>\n<div class=\"row\">\n\t<p class=\"col-md-12\"><label>Jersey Size<\/label><span class=\"wpcf7-form-control-wrap\" data-name=\"text-612\"><input size=\"40\" class=\"wpcf7-form-control wpcf7-text\" aria-invalid=\"false\" value=\"\" type=\"text\" name=\"text-612\" \/><\/span>\n\t<\/p>\n\t<p class=\"col-md-12\"><label>Shorts Size<\/label><span class=\"wpcf7-form-control-wrap\" data-name=\"text-613\"><input size=\"40\" class=\"wpcf7-form-control wpcf7-text\" aria-invalid=\"false\" value=\"\" type=\"text\" name=\"text-613\" \/><\/span>\n\t<\/p>\n\t<p class=\"col-md-12\"><label>Shoe Size<\/label><span class=\"wpcf7-form-control-wrap\" data-name=\"text-614\"><input size=\"40\" class=\"wpcf7-form-control wpcf7-text\" aria-invalid=\"false\" value=\"\" type=\"text\" name=\"text-614\" \/><\/span>\n\t<\/p>\n\t<p class=\"col-md-12\"><label>Height<\/label><span class=\"wpcf7-form-control-wrap\" data-name=\"text-615\"><input size=\"40\" class=\"wpcf7-form-control wpcf7-text\" aria-invalid=\"false\" value=\"\" type=\"text\" name=\"text-615\" \/><\/span>\n\t<\/p>\n\t<p class=\"col-md-12\"><label>Weight<\/label><span class=\"wpcf7-form-control-wrap\" data-name=\"text-616\"><input size=\"40\" class=\"wpcf7-form-control wpcf7-text\" aria-invalid=\"false\" value=\"\" type=\"text\" name=\"text-616\" \/><\/span>\n\t<\/p>\n<\/div>\n<div class=\"row\">\n\t<p class=\"col-md-12\"><label>Do You Have Any Medical Conditions Under Treatment? If Yes, Please Specify<\/label><span class=\"wpcf7-form-control-wrap\" data-name=\"text-620\"><input size=\"40\" class=\"wpcf7-form-control wpcf7-text\" aria-invalid=\"false\" value=\"\" type=\"text\" name=\"text-620\" \/><\/span>\n\t<\/p>\n\t<p class=\"col-md-12\"><label>Email Address<\/label><span class=\"wpcf7-form-control-wrap\" data-name=\"text-617\"><input size=\"40\" class=\"wpcf7-form-control wpcf7-text\" aria-invalid=\"false\" value=\"\" type=\"text\" name=\"text-617\" \/><\/span>\n\t<\/p>\n<\/div>\n<p><label>Your Message (If Any)<\/label><span class=\"wpcf7-form-control-wrap\" data-name=\"your-message\"><textarea cols=\"40\" rows=\"10\" class=\"wpcf7-form-control wpcf7-textarea\" aria-invalid=\"false\" name=\"your-message\"><\/textarea><\/span>\n<\/p>\n<p><input class=\"wpcf7-form-control wpcf7-submit has-spinner btn-color-black\" type=\"submit\" value=\"SEND\" \/>\n<\/p><div class=\"wpcf7-response-output\" aria-hidden=\"true\"><\/div>\n<\/form>\n<\/div>\n\t\t<\/div>\n\t\t\t\t<\/div>\n\t\t\t\t<\/div>\n\t\t<div class=\"elementor-element elementor-element-36a453c e-con-full e-flex wd-section-disabled e-con e-child\" data-id=\"36a453c\" data-element_type=\"container\" data-settings=\"{&quot;content_width&quot;:&quot;full&quot;}\">\n\t\t\t\t<\/div>\n\t\t\t\t\t<\/div>\n\t\t\t\t<\/div>\n\t\t\t\t\t\t\t<\/div>\n\t\t","protected":false},"excerpt":{"rendered":"<p>Ad\u0131n\u0131z Soyad\u0131n\u0131z Do\u011fum Y\u0131l\u0131 \u00d6\u011frencisi oldu\u011funuz okul Telefon Konu Mesaj\u0131n\u0131z<\/p>\n","protected":false},"author":1,"featured_media":0,"parent":0,"menu_order":0,"comment_status":"closed","ping_status":"closed","template":"","meta":{"_joinchat":[],"footnotes":""},"class_list":["post-16471","page","type-page","status-publish","hentry"],"_links":{"self":[{"href":"https:\/\/theglobalcap.com\/en\/wp-json\/wp\/v2\/pages\/16471","targetHints":{"allow":["GET"]}}],"collection":[{"href":"https:\/\/theglobalcap.com\/en\/wp-json\/wp\/v2\/pages"}],"about":[{"href":"https:\/\/theglobalcap.com\/en\/wp-json\/wp\/v2\/types\/page"}],"author":[{"embeddable":true,"href":"https:\/\/theglobalcap.com\/en\/wp-json\/wp\/v2\/users\/1"}],"replies":[{"embeddable":true,"href":"https:\/\/theglobalcap.com\/en\/wp-json\/wp\/v2\/comments?post=16471"}],"version-history":[{"count":5,"href":"https:\/\/theglobalcap.com\/en\/wp-json\/wp\/v2\/pages\/16471\/revisions"}],"predecessor-version":[{"id":16756,"href":"https:\/\/theglobalcap.com\/en\/wp-json\/wp\/v2\/pages\/16471\/revisions\/16756"}],"wp:attachment":[{"href":"https:\/\/theglobalcap.com\/en\/wp-json\/wp\/v2\/media?parent=16471"}],"curies":[{"name":"wp","href":"https:\/\/api.w.org\/{rel}","templated":true}]}}